{"id":21645,"date":"2024-10-07T20:17:06","date_gmt":"2024-10-07T18:17:06","guid":{"rendered":"http:\/\/somconnexio.local\/?page_id=21645"},"modified":"2025-02-22T10:32:43","modified_gmt":"2025-02-22T09:32:43","slug":"valores","status":"publish","type":"page","link":"https:\/\/somconnexio.codeccoop.org\/es\/valores\/","title":{"rendered":"Valores"},"content":{"rendered":"\n<div id=\"values-page\" class=\"wp-block-group has-global-padding is-layout-constrained wp-block-group-is-layout-constrained\">\n<div style=\"height:60px\" aria-hidden=\"true\" class=\"wp-block-spacer\"><\/div>\n\n\n\n<div id=\"values-title\" class=\"wp-block-group has-global-padding is-layout-constrained wp-block-group-is-layout-constrained\">\n<h2 class=\"wp-block-heading has-text-align-center has-black-color has-text-color has-link-color has-headine-h-2-font-size wp-elements-50d982280668c557e472d9043f9b9c31\">Estos son nuestros valores<\/h2>\n\n\n\n<p class=\"has-text-align-center has-large-font-size\">Y nosotros nos los creemos<\/p>\n<\/div>\n\n\n\n<div style=\"height:60px\" aria-hidden=\"true\" class=\"wp-block-spacer\"><\/div>\n\n\n\n<div id=\"values\" class=\"wp-block-group has-white-background-color has-background has-global-padding is-layout-constrained wp-block-group-is-layout-constrained\">\n<div class=\"wp-block-columns is-layout-flex wp-container-core-columns-is-layout-28f84493 wp-block-columns-is-layout-flex\">\n<div class=\"wp-block-column is-vertically-aligned-center is-layout-flow wp-block-column-is-layout-flow\">\n<div id=\"value-box\" class=\"wp-block-group has-primary-background-color has-background is-content-justification-space-between is-nowrap is-layout-flex wp-container-core-group-is-layout-4bdff531 wp-block-group-is-layout-flex\" style=\"border-radius:16px;padding-top:30px;padding-right:30px;padding-bottom:30px;padding-left:30px\">\n<div class=\"wp-block-group wp-container-content-663c14dd has-global-padding is-layout-constrained wp-block-group-is-layout-constrained\">\n<h3 class=\"wp-block-heading has-black-color has-text-color has-link-color has-headine-h-3-font-size wp-elements-76b22d33f54589033016dd8eaafd649e\" style=\"font-style:normal;font-weight:800\">01<\/h3>\n\n\n\n<h4 class=\"wp-block-heading has-black-color has-text-color has-link-color has-xlarge-font-size wp-elements-bbdf8e6bb4b960be21ab7c24dc266e22\">Consumo responsable de telecomunicaciones<\/h4>\n\n\n\n<p class=\"has-black-color has-text-color has-link-color has-main-font-size wp-elements-45fe87c925c67f5198b5a331bc57d5f4\">Promovemos la contenci\u00f3n y la reducci\u00f3n del consumo y procuramos tener tarifas para las distintas necesidades de consumo.<\/p>\n<\/div>\n\n\n\n<figure class=\"wp-block-image size-full is-resized\"><img decoding=\"async\" width=\"163\" height=\"252\" data-src=\"https:\/\/somconnexio.codeccoop.org\/wp-content\/uploads\/2024\/08\/Misc-6.png\" alt=\"\" class=\"wp-image-21460 lazyload\" style=\"--smush-placeholder-width: 163px; --smush-placeholder-aspect-ratio: 163\/252;width:150px\" src=\"data:image\/svg+xml;base64,PHN2ZyB3aWR0aD0iMSIgaGVpZ2h0PSIxIiB4bWxucz0iaHR0cDovL3d3dy53My5vcmcvMjAwMC9zdmciPjwvc3ZnPg==\" \/><\/figure>\n<\/div>\n<\/div>\n\n\n\n<div class=\"wp-block-column is-vertically-aligned-center is-layout-flow wp-block-column-is-layout-flow\">\n<div id=\"value-box\" class=\"wp-block-group has-yellow-orange-background-color has-background is-nowrap is-layout-flex wp-container-core-group-is-layout-eae4ed70 wp-block-group-is-layout-flex\" style=\"border-radius:16px;padding-top:30px;padding-right:30px;padding-bottom:30px;padding-left:30px\">\n<div class=\"wp-block-group wp-container-content-9e2f13cb has-global-padding is-layout-constrained wp-block-group-is-layout-constrained\">\n<h3 class=\"wp-block-heading has-black-color has-text-color has-link-color has-headine-h-3-font-size wp-elements-25434eac55e0ed35a40ea3dfd7f5d270\" style=\"font-style:normal;font-weight:800\">02<\/h3>\n\n\n\n<h4 class=\"wp-block-heading has-black-color has-text-color has-link-color has-xlarge-font-size wp-elements-d005bc7342a8a93942a19124a1c5616c\">Cuidado de las personas<\/h4>\n\n\n\n<p class=\"has-black-color has-text-color has-link-color has-normal-font-size wp-elements-5a6334a1a003d6d070b57e8caa01b8d4\">Atendemos a las usuarias de forma personalizada y les asesoramos para que contraten s\u00f3lo lo que necesitan.<\/p>\n<\/div>\n\n\n\n<figure class=\"wp-block-image size-full is-resized\"><img decoding=\"async\" width=\"204\" height=\"258\" data-src=\"https:\/\/somconnexio.codeccoop.org\/wp-content\/uploads\/2024\/10\/Misc-1.png\" alt=\"\" class=\"wp-image-21653 lazyload\" style=\"--smush-placeholder-width: 204px; --smush-placeholder-aspect-ratio: 204\/258;width:200px\" src=\"data:image\/svg+xml;base64,PHN2ZyB3aWR0aD0iMSIgaGVpZ2h0PSIxIiB4bWxucz0iaHR0cDovL3d3dy53My5vcmcvMjAwMC9zdmciPjwvc3ZnPg==\" \/><\/figure>\n<\/div>\n<\/div>\n<\/div>\n\n\n\n<div style=\"height:30px\" aria-hidden=\"true\" class=\"wp-block-spacer\"><\/div>\n\n\n\n<div class=\"wp-block-columns is-layout-flex wp-container-core-columns-is-layout-28f84493 wp-block-columns-is-layout-flex\" id=\"second-columns\">\n<div class=\"wp-block-column is-vertically-aligned-center is-layout-flow wp-block-column-is-layout-flow\">\n<div id=\"value-box\" class=\"wp-block-group has-apple-background-color has-background is-nowrap is-layout-flex wp-container-core-group-is-layout-eae4ed70 wp-block-group-is-layout-flex\" style=\"border-radius:16px;padding-top:30px;padding-right:30px;padding-bottom:30px;padding-left:30px\">\n<div class=\"wp-block-group wp-container-content-663c14dd has-global-padding is-layout-constrained wp-block-group-is-layout-constrained\">\n<h3 class=\"wp-block-heading has-black-color has-text-color has-link-color has-headine-h-3-font-size wp-elements-9a61d942409eca42caf9b4fe125ee05f\">03<\/h3>\n\n\n\n<h4 class=\"wp-block-heading has-black-color has-text-color has-link-color has-xlarge-font-size wp-elements-d1d957fe7b61348505a767894107bebb\">Sin \u00e1nimo de lucro<\/h4>\n\n\n\n<p class=\"has-black-color has-text-color has-link-color has-normal-font-size wp-elements-d57c45f29ce219161ed93b77543549ab\">Reinvertimos los beneficios en mejorar los servicios que ofrecemos y en proyectos y acciones sociales.<\/p>\n<\/div>\n\n\n\n<figure class=\"wp-block-image size-full is-resized\"><img decoding=\"async\" width=\"152\" height=\"201\" data-src=\"https:\/\/somconnexio.codeccoop.org\/wp-content\/uploads\/2024\/10\/Misc-2.png\" alt=\"\" class=\"wp-image-21654 lazyload\" style=\"--smush-placeholder-width: 152px; --smush-placeholder-aspect-ratio: 152\/201;object-fit:contain;width:152px;height:200px\" src=\"data:image\/svg+xml;base64,PHN2ZyB3aWR0aD0iMSIgaGVpZ2h0PSIxIiB4bWxucz0iaHR0cDovL3d3dy53My5vcmcvMjAwMC9zdmciPjwvc3ZnPg==\" \/><\/figure>\n<\/div>\n<\/div>\n\n\n\n<div class=\"wp-block-column is-vertically-aligned-center is-layout-flow wp-block-column-is-layout-flow\">\n<div id=\"value-box\" class=\"wp-block-group has-boston-blue-background-color has-background is-nowrap is-layout-flex wp-container-core-group-is-layout-eae4ed70 wp-block-group-is-layout-flex\" style=\"border-radius:16px;padding-top:30px;padding-right:30px;padding-bottom:30px;padding-left:30px\">\n<div class=\"wp-block-group wp-container-content-006212af has-global-padding is-layout-constrained wp-block-group-is-layout-constrained\">\n<h3 class=\"wp-block-heading has-black-color has-text-color has-link-color has-headine-h-3-font-size wp-elements-90ce5485233c562b5792bc8a4d9335f7\">04<\/h3>\n\n\n\n<h4 class=\"wp-block-heading has-black-color has-text-color has-link-color has-xlarge-font-size wp-elements-8bd4b5fc8487dfb86aa534168c4b5489\">Sostenibilidad<\/h4>\n\n\n\n<p class=\"has-black-color has-text-color has-link-color has-normal-font-size wp-elements-1a7868fc88852f0d964d1c29266d8b1f\">Impulsamos la creaci\u00f3n de infraestructura abierta, libre y neutral evitando la duplicidad de infraestructuras y su impacto ambiental.<\/p>\n<\/div>\n\n\n\n<figure class=\"wp-block-image size-full is-resized\"><img decoding=\"async\" width=\"218\" height=\"185\" data-src=\"https:\/\/somconnexio.codeccoop.org\/wp-content\/uploads\/2024\/10\/Misc-7.png\" alt=\"\" class=\"wp-image-21765 lazyload\" style=\"--smush-placeholder-width: 218px; --smush-placeholder-aspect-ratio: 218\/185;object-fit:contain;width:186px;height:170px\" src=\"data:image\/svg+xml;base64,PHN2ZyB3aWR0aD0iMSIgaGVpZ2h0PSIxIiB4bWxucz0iaHR0cDovL3d3dy53My5vcmcvMjAwMC9zdmciPjwvc3ZnPg==\" \/><\/figure>\n<\/div>\n<\/div>\n<\/div>\n\n\n\n<div style=\"height:30px\" aria-hidden=\"true\" class=\"wp-block-spacer\"><\/div>\n\n\n\n<div class=\"wp-block-columns is-layout-flex wp-container-core-columns-is-layout-28f84493 wp-block-columns-is-layout-flex\" id=\"third-columns\">\n<div class=\"wp-block-column is-vertically-aligned-center is-layout-flow wp-block-column-is-layout-flow\">\n<div id=\"value-box\" class=\"wp-block-group has-brown-rust-background-color has-background is-nowrap is-layout-flex wp-container-core-group-is-layout-eae4ed70 wp-block-group-is-layout-flex\" style=\"border-radius:16px;padding-top:30px;padding-right:30px;padding-bottom:30px;padding-left:30px\">\n<div class=\"wp-block-group wp-container-content-663c14dd has-global-padding is-layout-constrained wp-block-group-is-layout-constrained\">\n<h3 class=\"wp-block-heading has-black-color has-text-color has-link-color has-headine-h-3-font-size wp-elements-057de4268426d9e6a4beb3a53dadc8a1\">05<\/h3>\n\n\n\n<h4 class=\"wp-block-heading has-black-color has-text-color has-link-color has-xlarge-font-size wp-elements-4f1451a08b60921e1fd53702d911079b\">Trabajo justo e inclusivo<\/h4>\n\n\n\n<p class=\"has-black-color has-text-color has-link-color has-normal-font-size wp-elements-588f626cdf66d3084b414ae582069666\">Trabajamos horizontalmente y sin jerarqu\u00edas. Garantizamos la igualdad de g\u00e9nero. Tenemos contratos estables y salarios dignos.<\/p>\n<\/div>\n\n\n\n<figure class=\"wp-block-image size-full is-resized\"><img decoding=\"async\" width=\"222\" height=\"208\" data-src=\"https:\/\/somconnexio.codeccoop.org\/wp-content\/uploads\/2024\/10\/Misc-4.png\" alt=\"\" class=\"wp-image-21658 lazyload\" style=\"--smush-placeholder-width: 222px; --smush-placeholder-aspect-ratio: 222\/208;object-fit:contain;width:216px;height:197px\" src=\"data:image\/svg+xml;base64,PHN2ZyB3aWR0aD0iMSIgaGVpZ2h0PSIxIiB4bWxucz0iaHR0cDovL3d3dy53My5vcmcvMjAwMC9zdmciPjwvc3ZnPg==\" \/><\/figure>\n<\/div>\n<\/div>\n\n\n\n<div class=\"wp-block-column is-vertically-aligned-center is-layout-flow wp-block-column-is-layout-flow\">\n<div id=\"value-box\" class=\"wp-block-group has-tan-background-color has-background is-nowrap is-layout-flex wp-container-core-group-is-layout-eae4ed70 wp-block-group-is-layout-flex\" style=\"border-radius:16px;padding-top:30px;padding-right:30px;padding-bottom:30px;padding-left:30px\">\n<div class=\"wp-block-group wp-container-content-663c14dd has-global-padding is-layout-constrained wp-block-group-is-layout-constrained\">\n<h3 class=\"wp-block-heading has-black-color has-text-color has-link-color has-headine-h-3-font-size wp-elements-43a2953dc4360d9344d4df1fbd4d4f23\">06<\/h3>\n\n\n\n<h4 class=\"wp-block-heading has-black-color has-text-color has-link-color has-xlarge-font-size wp-elements-d36bc5c7ac14782cd1cdd700f9c7d0a8\">Decisiones colectivas<\/h4>\n\n\n\n<p class=\"has-black-color has-text-color has-link-color wp-elements-980f7aee13a3f00f66840ba69ef1d8a6\" style=\"font-size:16px\">El m\u00e1ximo \u00f3rgano de gobierno de la cooperativa es la Asamblea General, en la que todas las socias pueden participar con derecho a voto.<\/p>\n<\/div>\n\n\n\n<figure class=\"wp-block-image size-full is-resized\"><img decoding=\"async\" width=\"220\" height=\"175\" data-src=\"https:\/\/somconnexio.codeccoop.org\/wp-content\/uploads\/2024\/10\/Misc-5.png\" alt=\"\" class=\"wp-image-21660 lazyload\" style=\"--smush-placeholder-width: 220px; --smush-placeholder-aspect-ratio: 220\/175;object-fit:contain;width:218px;height:172px\" src=\"data:image\/svg+xml;base64,PHN2ZyB3aWR0aD0iMSIgaGVpZ2h0PSIxIiB4bWxucz0iaHR0cDovL3d3dy53My5vcmcvMjAwMC9zdmciPjwvc3ZnPg==\" \/><\/figure>\n<\/div>\n<\/div>\n<\/div>\n\n\n\n<div style=\"height:30px\" aria-hidden=\"true\" class=\"wp-block-spacer\"><\/div>\n\n\n\n<div class=\"wp-block-columns are-vertically-aligned-center is-layout-flex wp-container-core-columns-is-layout-28f84493 wp-block-columns-is-layout-flex\">\n<div class=\"wp-block-column is-vertically-aligned-center is-layout-flow wp-block-column-is-layout-flow\">\n<div id=\"value-box\" class=\"wp-block-group has-sunset-orange-background-color has-background is-content-justification-space-between is-nowrap is-layout-flex wp-container-core-group-is-layout-71c4ac7e wp-block-group-is-layout-flex\" style=\"border-radius:16px;padding-top:30px;padding-right:30px;padding-bottom:30px;padding-left:30px\">\n<div class=\"wp-block-group wp-container-content-0733e5d0 has-global-padding is-layout-constrained wp-block-group-is-layout-constrained\">\n<h3 class=\"wp-block-heading has-black-color has-text-color has-link-color has-headine-h-3-font-size wp-elements-81f3bbfd1d500381129fc62d56451799\">07<\/h3>\n\n\n\n<h4 class=\"wp-block-heading has-black-color has-text-color has-link-color has-xlarge-font-size wp-elements-53dac5d3e0b7492644d1f08385ac5149\">Pedagog\u00eda<\/h4>\n\n\n\n<p class=\"has-black-color has-text-color has-link-color wp-elements-cf3128c71c3f42bc88aedab45637b987\" style=\"font-size:16px\">Informamos y concienciamos sobre los impactos sociales y ambientales de nuestro consumo en telecomunicaciones.<\/p>\n<\/div>\n\n\n\n<figure class=\"wp-block-image size-full is-resized\"><img decoding=\"async\" width=\"247\" height=\"289\" data-src=\"https:\/\/somconnexio.codeccoop.org\/wp-content\/uploads\/2024\/10\/Misc-6.png\" alt=\"\" class=\"wp-image-21662 lazyload\" style=\"--smush-placeholder-width: 247px; --smush-placeholder-aspect-ratio: 247\/289;object-fit:contain;width:245px;height:288px\" src=\"data:image\/svg+xml;base64,PHN2ZyB3aWR0aD0iMSIgaGVpZ2h0PSIxIiB4bWxucz0iaHR0cDovL3d3dy53My5vcmcvMjAwMC9zdmciPjwvc3ZnPg==\" \/><\/figure>\n<\/div>\n<\/div>\n<\/div>\n<\/div>\n\n\n\n<div style=\"height:60px\" aria-hidden=\"true\" class=\"wp-block-spacer\"><\/div>\n\n\n\n<div id=\"values-text\" class=\"wp-block-group has-white-background-color has-background has-global-padding is-layout-constrained wp-container-core-group-is-layout-af38c3d4 wp-block-group-is-layout-constrained\" style=\"padding-right:24px;padding-left:24px\">\n<div style=\"height:40px\" aria-hidden=\"true\" class=\"wp-block-spacer\"><\/div>\n\n\n\n<h1 class=\"wp-block-heading has-text-align-center has-headine-h-1-font-size\">\u2028Todos estos valores se <br>pueden resumir en un <br><mark style=\"background-color:#CE1462;color:#ffffff\" class=\"has-inline-color\">prop\u00f3sito<\/mark> claro<\/h1>\n\n\n\n<div style=\"height:40px\" aria-hidden=\"true\" class=\"wp-block-spacer\"><\/div>\n\n\n\n<figure class=\"wp-block-image aligncenter size-full\"><img decoding=\"async\" width=\"555\" height=\"403\" data-src=\"https:\/\/somconnexio.codeccoop.org\/wp-content\/uploads\/2024\/10\/img-values-.png\" alt=\"\" class=\"wp-image-21668 lazyload\" data-srcset=\"https:\/\/somconnexio.codeccoop.org\/wp-content\/uploads\/2024\/10\/img-values-.png 555w, https:\/\/somconnexio.codeccoop.org\/wp-content\/uploads\/2024\/10\/img-values--300x218.png 300w\" data-sizes=\"(max-width: 555px) 100vw, 555px\" src=\"data:image\/svg+xml;base64,PHN2ZyB3aWR0aD0iMSIgaGVpZ2h0PSIxIiB4bWxucz0iaHR0cDovL3d3dy53My5vcmcvMjAwMC9zdmciPjwvc3ZnPg==\" style=\"--smush-placeholder-width: 555px; --smush-placeholder-aspect-ratio: 555\/403;\" \/><\/figure>\n\n\n\n<div class=\"wp-block-columns is-layout-flex wp-container-core-columns-is-layout-28f84493 wp-block-columns-is-layout-flex\">\n<div class=\"wp-block-column is-layout-flow wp-block-column-is-layout-flow\" style=\"flex-basis:25%\"><\/div>\n\n\n\n<div class=\"wp-block-column is-layout-flow wp-block-column-is-layout-flow\">\n<h2 class=\"wp-block-heading has-text-align-center\" style=\"font-size:40px\">Queremos avanzar hacia un mundo en el que estar <mark style=\"background-color:#CE1462;color:#ffffff\" class=\"has-inline-color\">conectado<\/mark> sea un <mark style=\"background-color:#CE1462;color:#ffffff\" class=\"has-inline-color\">derecho<\/mark> y no un privilegio, y en donde el consumo consciente y soberano de telecomunicaciones ayude a cuidar el <mark style=\"background-color:#CE1462;color:#ffffff\" class=\"has-inline-color\">planeta<\/mark> y potenciar el bienestar de las <mark style=\"background-color:#CE1462;color:#ffffff\" class=\"has-inline-color\">personas<\/mark>.<\/h2>\n<\/div>\n\n\n\n<div class=\"wp-block-column is-layout-flow wp-block-column-is-layout-flow\" style=\"flex-basis:25%\"><\/div>\n<\/div>\n\n\n\n<div style=\"height:60px\" aria-hidden=\"true\" class=\"wp-block-spacer\"><\/div>\n<\/div>\n<\/div>\n","protected":false},"excerpt":{"rendered":"<p>Estos son nuestros valores Y nosotros nos los creemos 01 Consumo responsable de telecomunicaciones Promovemos la contenci\u00f3n y la reducci\u00f3n del consumo y procuramos tener tarifas para las distintas necesidades de consumo. 02 Cuidado de las personas Atendemos a las usuarias de forma personalizada y les asesoramos para que contraten s\u00f3lo lo que necesitan. 03 [&hellip;]<\/p>\n","protected":false},"author":9,"featured_media":24568,"parent":0,"menu_order":0,"comment_status":"closed","ping_status":"closed","template":"","meta":{"footnotes":""},"class_list":["post-21645","page","type-page","status-publish","has-post-thumbnail","hentry"],"yoast_head":"<!-- This site is optimized with the Yoast SEO plugin v26.9 - https:\/\/yoast.com\/product\/yoast-seo-wordpress\/ -->\n<title>Telefon\u00eda \u00e9tica | Somos Conexi\u00f3n<\/title>\n<meta name=\"description\" content=\"Somos una cooperativa de consumo que practica la econom\u00eda social. Una empresa con conciencia social que prioriza las personas sobre los beneficios.\" \/>\n<meta name=\"robots\" content=\"index, follow, max-snippet:-1, max-image-preview:large, max-video-preview:-1\" \/>\n<link rel=\"canonical\" href=\"https:\/\/somconnexio.coop\/es\/valores\/\" \/>\n<meta property=\"og:locale\" content=\"es_ES\" \/>\n<meta property=\"og:type\" content=\"article\" \/>\n<meta property=\"og:title\" content=\"Telefon\u00eda \u00e9tica | Somos Conexi\u00f3n\" \/>\n<meta property=\"og:description\" content=\"Somos una cooperativa de consumo que practica la econom\u00eda social. Una empresa con conciencia social que prioriza las personas sobre los beneficios.\" \/>\n<meta property=\"og:url\" content=\"https:\/\/somconnexio.coop\/es\/valores\/\" \/>\n<meta property=\"og:site_name\" content=\"Somos Conexi\u00f3n\" \/>\n<meta property=\"article:publisher\" content=\"https:\/\/www.facebook.com\/somconnexio\" \/>\n<meta property=\"article:modified_time\" content=\"2025-02-22T09:32:43+00:00\" \/>\n<meta property=\"og:image\" content=\"https:\/\/somconnexio.coop\/wp-content\/uploads\/2025\/02\/Thumb-valores-cas-1.png\" \/>\n\t<meta property=\"og:image:width\" content=\"1371\" \/>\n\t<meta property=\"og:image:height\" content=\"720\" \/>\n\t<meta property=\"og:image:type\" content=\"image\/png\" \/>\n<meta name=\"twitter:card\" content=\"summary_large_image\" \/>\n<meta name=\"twitter:site\" content=\"@somconnexio\" \/>\n<meta name=\"twitter:label1\" content=\"Tiempo de lectura\" \/>\n\t<meta name=\"twitter:data1\" content=\"3 minutos\" \/>\n<script type=\"application\/ld+json\" class=\"yoast-schema-graph\">{\"@context\":\"https:\/\/schema.org\",\"@graph\":[{\"@type\":\"WebPage\",\"@id\":\"https:\/\/somconnexio.coop\/es\/valores\/\",\"url\":\"https:\/\/somconnexio.coop\/es\/valores\/\",\"name\":\"Telefon\u00eda \u00e9tica | Somos Conexi\u00f3n\",\"isPartOf\":{\"@id\":\"https:\/\/somconnexio.coop\/#website\"},\"primaryImageOfPage\":{\"@id\":\"https:\/\/somconnexio.coop\/es\/valores\/#primaryimage\"},\"image\":{\"@id\":\"https:\/\/somconnexio.coop\/es\/valores\/#primaryimage\"},\"thumbnailUrl\":\"https:\/\/somconnexio.codeccoop.org\/wp-content\/uploads\/2025\/02\/Thumb-valores-cas-1.png\",\"datePublished\":\"2024-10-07T18:17:06+00:00\",\"dateModified\":\"2025-02-22T09:32:43+00:00\",\"description\":\"Somos una cooperativa de consumo que practica la econom\u00eda social. Una empresa con conciencia social que prioriza las personas sobre los beneficios.\",\"breadcrumb\":{\"@id\":\"https:\/\/somconnexio.coop\/es\/valores\/#breadcrumb\"},\"inLanguage\":\"es\",\"potentialAction\":[{\"@type\":\"ReadAction\",\"target\":[\"https:\/\/somconnexio.coop\/es\/valores\/\"]}]},{\"@type\":\"ImageObject\",\"inLanguage\":\"es\",\"@id\":\"https:\/\/somconnexio.coop\/es\/valores\/#primaryimage\",\"url\":\"https:\/\/somconnexio.codeccoop.org\/wp-content\/uploads\/2025\/02\/Thumb-valores-cas-1.png\",\"contentUrl\":\"https:\/\/somconnexio.codeccoop.org\/wp-content\/uploads\/2025\/02\/Thumb-valores-cas-1.png\",\"width\":1371,\"height\":720},{\"@type\":\"BreadcrumbList\",\"@id\":\"https:\/\/somconnexio.coop\/es\/valores\/#breadcrumb\",\"itemListElement\":[{\"@type\":\"ListItem\",\"position\":1,\"name\":\"Portada\",\"item\":\"https:\/\/somconnexio.codeccoop.org\/es\/\"},{\"@type\":\"ListItem\",\"position\":2,\"name\":\"Valores\"}]},{\"@type\":\"WebSite\",\"@id\":\"https:\/\/somconnexio.coop\/#website\",\"url\":\"https:\/\/somconnexio.coop\/\",\"name\":\"Somos Conexi\u00f3n\",\"description\":\"la 1a cooperativa de telefon\u00eda e internet\",\"potentialAction\":[{\"@type\":\"SearchAction\",\"target\":{\"@type\":\"EntryPoint\",\"urlTemplate\":\"https:\/\/somconnexio.coop\/?s={search_term_string}\"},\"query-input\":{\"@type\":\"PropertyValueSpecification\",\"valueRequired\":true,\"valueName\":\"search_term_string\"}}],\"inLanguage\":\"es\"}]}<\/script>\n<!-- \/ Yoast SEO plugin. -->","yoast_head_json":{"title":"Telefon\u00eda \u00e9tica | Somos Conexi\u00f3n","description":"Somos una cooperativa de consumo que practica la econom\u00eda social. Una empresa con conciencia social que prioriza las personas sobre los beneficios.","robots":{"index":"index","follow":"follow","max-snippet":"max-snippet:-1","max-image-preview":"max-image-preview:large","max-video-preview":"max-video-preview:-1"},"canonical":"https:\/\/somconnexio.coop\/es\/valores\/","og_locale":"es_ES","og_type":"article","og_title":"Telefon\u00eda \u00e9tica | Somos Conexi\u00f3n","og_description":"Somos una cooperativa de consumo que practica la econom\u00eda social. Una empresa con conciencia social que prioriza las personas sobre los beneficios.","og_url":"https:\/\/somconnexio.coop\/es\/valores\/","og_site_name":"Somos Conexi\u00f3n","article_publisher":"https:\/\/www.facebook.com\/somconnexio","article_modified_time":"2025-02-22T09:32:43+00:00","og_image":[{"width":1371,"height":720,"url":"https:\/\/somconnexio.coop\/wp-content\/uploads\/2025\/02\/Thumb-valores-cas-1.png","type":"image\/png"}],"twitter_card":"summary_large_image","twitter_site":"@somconnexio","twitter_misc":{"Tiempo de lectura":"3 minutos"},"schema":{"@context":"https:\/\/schema.org","@graph":[{"@type":"WebPage","@id":"https:\/\/somconnexio.coop\/es\/valores\/","url":"https:\/\/somconnexio.coop\/es\/valores\/","name":"Telefon\u00eda \u00e9tica | Somos Conexi\u00f3n","isPartOf":{"@id":"https:\/\/somconnexio.coop\/#website"},"primaryImageOfPage":{"@id":"https:\/\/somconnexio.coop\/es\/valores\/#primaryimage"},"image":{"@id":"https:\/\/somconnexio.coop\/es\/valores\/#primaryimage"},"thumbnailUrl":"https:\/\/somconnexio.codeccoop.org\/wp-content\/uploads\/2025\/02\/Thumb-valores-cas-1.png","datePublished":"2024-10-07T18:17:06+00:00","dateModified":"2025-02-22T09:32:43+00:00","description":"Somos una cooperativa de consumo que practica la econom\u00eda social. Una empresa con conciencia social que prioriza las personas sobre los beneficios.","breadcrumb":{"@id":"https:\/\/somconnexio.coop\/es\/valores\/#breadcrumb"},"inLanguage":"es","potentialAction":[{"@type":"ReadAction","target":["https:\/\/somconnexio.coop\/es\/valores\/"]}]},{"@type":"ImageObject","inLanguage":"es","@id":"https:\/\/somconnexio.coop\/es\/valores\/#primaryimage","url":"https:\/\/somconnexio.codeccoop.org\/wp-content\/uploads\/2025\/02\/Thumb-valores-cas-1.png","contentUrl":"https:\/\/somconnexio.codeccoop.org\/wp-content\/uploads\/2025\/02\/Thumb-valores-cas-1.png","width":1371,"height":720},{"@type":"BreadcrumbList","@id":"https:\/\/somconnexio.coop\/es\/valores\/#breadcrumb","itemListElement":[{"@type":"ListItem","position":1,"name":"Portada","item":"https:\/\/somconnexio.codeccoop.org\/es\/"},{"@type":"ListItem","position":2,"name":"Valores"}]},{"@type":"WebSite","@id":"https:\/\/somconnexio.coop\/#website","url":"https:\/\/somconnexio.coop\/","name":"Somos Conexi\u00f3n","description":"la 1a cooperativa de telefon\u00eda e internet","potentialAction":[{"@type":"SearchAction","target":{"@type":"EntryPoint","urlTemplate":"https:\/\/somconnexio.coop\/?s={search_term_string}"},"query-input":{"@type":"PropertyValueSpecification","valueRequired":true,"valueName":"search_term_string"}}],"inLanguage":"es"}]}},"_links":{"self":[{"href":"https:\/\/somconnexio.codeccoop.org\/es\/wp-json\/wp\/v2\/pages\/21645","targetHints":{"allow":["GET"]}}],"collection":[{"href":"https:\/\/somconnexio.codeccoop.org\/es\/wp-json\/wp\/v2\/pages"}],"about":[{"href":"https:\/\/somconnexio.codeccoop.org\/es\/wp-json\/wp\/v2\/types\/page"}],"author":[{"embeddable":true,"href":"https:\/\/somconnexio.codeccoop.org\/es\/wp-json\/wp\/v2\/users\/9"}],"replies":[{"embeddable":true,"href":"https:\/\/somconnexio.codeccoop.org\/es\/wp-json\/wp\/v2\/comments?post=21645"}],"version-history":[{"count":74,"href":"https:\/\/somconnexio.codeccoop.org\/es\/wp-json\/wp\/v2\/pages\/21645\/revisions"}],"predecessor-version":[{"id":24676,"href":"https:\/\/somconnexio.codeccoop.org\/es\/wp-json\/wp\/v2\/pages\/21645\/revisions\/24676"}],"wp:featuredmedia":[{"embeddable":true,"href":"https:\/\/somconnexio.codeccoop.org\/es\/wp-json\/wp\/v2\/media\/24568"}],"wp:attachment":[{"href":"https:\/\/somconnexio.codeccoop.org\/es\/wp-json\/wp\/v2\/media?parent=21645"}],"curies":[{"name":"wp","href":"https:\/\/api.w.org\/{rel}","templated":true}]}}